{"id":478,"date":"2024-08-22T21:38:00","date_gmt":"2024-08-22T21:38:00","guid":{"rendered":"https:\/\/mestofood.com\/terms\/"},"modified":"2024-08-22T21:38:00","modified_gmt":"2024-08-22T21:38:00","slug":"terms","status":"publish","type":"page","link":"https:\/\/mestofood.com\/en\/terms\/","title":{"rendered":"AGB der Firma Mesto Food Gro\u00dfhandel GbR"},"content":{"rendered":"<h2>Auftragsgrundlage<\/h2>\n<p>Wir liefern ausschlie\u00dflich an Wiederverk\u00e4ufer, Gewerbetreibende und Gro\u00dfh\u00e4ndler.<\/p>\n<p>Grundlage jedes Auftrags, der von uns oder an uns erteilt wird, sind unsere allgemeinen Gesch\u00e4ftsbedingungen.<\/p>\n<p>Unsere allgemeinen Gesch\u00e4ftsbedingungen haben Vorrang vor den Vorschriften unseres Gesch\u00e4ftspartners und verpflichten uns nicht. Ab\u00e4ndernde oder widersprechende vertragliche Bestimmungen sind nur dann verbindlich, wenn sie von uns schriftlich best\u00e4tigt werden.<\/p>\n<h2>Auftragsbest\u00e4tigung<\/h2>\n<p>Schriftliche und m\u00fcndliche Ausk\u00fcnfte, Beschreibungen, Kostenvoranschl\u00e4ge und andere Informationen bez\u00fcglich des Auftragsgegenstandes sind unverbindlich, sofern sie nicht schriftlich von uns bei Vertragsabschluss oder mit der Auftragsbest\u00e4tigung festgelegt werden. Jegliche Erg\u00e4nzungen oder \u00c4nderungen des Auftrags m\u00fcssen ebenfalls schriftlich im Vertrag oder durch unsere schriftliche Best\u00e4tigung erfolgen.<\/p>\n<h2>Lieferbedingungen<\/h2>\n<p>Die Lieferzeit wird von der Firma Mesto Food Gro\u00dfhandel GbR festgelegt. Schadenersatzanspr\u00fcche aufgrund von Verz\u00f6gerungen sind ausgeschlossen. Bei h\u00f6herer Gewalt, nicht zu vertretenden Betriebsst\u00f6rungen, Streiks, Aussperrungen und Verz\u00f6gerungen bei der Materialanlieferung, unabh\u00e4ngig davon, ob sie bei uns oder unseren Lieferanten auftreten, verl\u00e4ngert sich die Lieferfrist jedenfalls um die Dauer der Verhinderung und eine angemessene Anlaufzeit.<\/p>\n<p>Wir behalten uns das Recht vor, Teillieferungen durchzuf\u00fchren, wobei jede Teillieferung als eigenst\u00e4ndiger Vertrag betrachtet wird. Bei Lieferung sind die Waren sofort auf Quantit\u00e4t und Qualit\u00e4t zu \u00fcberpr\u00fcfen. Der Kunde ist verpflichtet, die Ware gem\u00e4\u00df den Vorschriften des deutschen Lebensmittelgesetzes auf Etikettierung zu kontrollieren. Sollten M\u00e4ngel an der Etikettierung oder ein falsches Haltbarkeitsdatum festgestellt werden, kann der Kunde die Ware dem Fahrer umgehend zur\u00fcckgeben. Die Firma Mesto Food Gro\u00dfhandel GbR ist dann verpflichtet, die Ware korrekt zu etikettieren und kostenpflichtig nachzuliefern. Bei R\u00fccksendung von Waren muss auf der Rechnung angegeben werden, welche Ware zur\u00fcckgeschickt wurde und aus welchem Grund. Der Rechnungsbetrag muss vollst\u00e4ndig beglichen werden, eine Gutschrift wird erst nach Eingang der R\u00fccksendung im Lager erstellt. Der Gutschriftbetrag wird separat angezeigt.<\/p>\n<h2>M\u00e4ngelr\u00fcgen<\/h2>\n<p>Reklamationen m\u00fcssen vom K\u00e4ufer unverz\u00fcglich, sp\u00e4testens innerhalb drei Tage nach Wareneingang am Bestimmungsort schriftlich bei uns eingereicht werden. Sp\u00e4tere Reklamationen k\u00f6nnen nicht ber\u00fccksichtigt werden. Im Falle einer anerkannten Reklamation kann der K\u00e4ufer lediglich eine Nachbesserung oder Ersatzlieferung verlangen.<\/p>\n<h2>Probeentnahme<\/h2>\n<p>Bei der Entnahme einer Probe durch den Wirtschaftskontrolldienst sollte eine versiegelte Gegenprobe verlangt werden. Diese Gegenprobe muss umgehend an Mesto Food Gro\u00dfhandel GbR weitergeleitet werden, und zwar per Einschreiben.<\/p>\n<h2>Ver\u00e4u\u00dferung des Gesch\u00e4ftes<\/h2>\n<p>Verkaufen Sie das Gesch\u00e4ft an eine dritte Person oder \u00e4ndert sich der Inhaber, so ist die Firma Mesto Food Gro\u00dfhandel GbR unverz\u00fcglich \u00fcber diesen Inhaberwechsel schriftlich zu informieren. Sollte der Kunde den Inhaberwechsel nicht melden, um dies im Kundenstamm zu vermerken, haftet der zuletzt gemeldete Inhaber mit seinem pers\u00f6nlichen Verm\u00f6gen f\u00fcr alle daraus resultierenden Sch\u00e4den. Wenn der aktuelle Inhaber das Gesch\u00e4ft an eine dritte Person verkauft, w\u00e4hrend noch Forderungen der Firma Mesto Food Gro\u00dfhandel GbR gegen ihn bestehen, ist dies per Einschreiben mitzuteilen. Der Kunde haftet unbegrenzt f\u00fcr alle Kosten, die durch die R\u00fcckholung von Waren entstehen.<\/p>\n<h2>Eigentumsvorbehalt<\/h2>\n<p>Die Ware bleibt Eigentum des Lieferanten bis zur vollst\u00e4ndigen Bezahlung. Bei einem Inhaberwechsel oder Verkauf des Gesch\u00e4fts an Dritte muss der aktuelle Inhaber die Bedingungen des Eigentumsvorbehalts im Vertrag mit dem K\u00e4ufer schriftlich festhalten und den Vorbehalt erkl\u00e4ren. Der Kunde verpflichtet sich, Mesto Food Gro\u00dfhandel GbR sofort zu informieren, wenn das Gesch\u00e4ft mit dem Warenbestand verkauft wird, um eventuelle Forderungen abwickeln zu k\u00f6nnen. Der Kunde haftet mit seinem pers\u00f6nlichen Verm\u00f6gen f\u00fcr Sch\u00e4den, die durch Nichtmeldung entstehen. Diese Haftung entf\u00e4llt, wenn die Ware bezahlt wurde. In diesem Fall muss nur mitgeteilt werden, dass der aktuelle Inhaber das Gesch\u00e4ft verkauft hat. Der Eigentumsvorbehalt gilt auch f\u00fcr Dritte, die den Rechnungsbetrag noch nicht an unseren Kunden gezahlt haben. In diesem Fall werden die Forderungen automatisch und unwiderruflich an Mesto Food Gro\u00dfhandel GbR abgetreten.<\/p>\n<p>Mit der Lieferung und dem Ankauf ist die Firma Mesto Food Gro\u00dfhandel GbR berechtigt, innerhalb der gesetzlichen Laden\u00f6ffnungszeiten die R\u00e4ume des Kunden zu betreten, um die Ware abzuholen. Der Kunde verzichtet von vornherein auf die Aus\u00fcbung seines Hausrechts. Dar\u00fcber hinaus ist der Kunde verpflichtet, der Firma Mesto Food Gro\u00dfhandel GbR oder einem von ihr beauftragten gesetzlichen Vertreter innerhalb der gesetzlichen Laden\u00f6ffnungszeiten den Zugang zu gew\u00e4hren.<\/p>\n<h2>Preis- und Zahlungsbedingungen<\/h2>\n<p>Zahlungen an uns sind ohne Abzug von Skonto oder anderen Geb\u00fchren zu leisten. Die Zahlungsbedingungen sind im schriftlichen Vertrag oder in unserer schriftlichen Auftragsbest\u00e4tigung festgelegt. Alle Zahlungen gehen zu Lasten des K\u00e4ufers. Die angegebenen Preise gelten nur f\u00fcr den jeweiligen Auftrag, Nachbestellungen gelten als separate Auftr\u00e4ge. Sollten sich vor Ausf\u00fchrung des Auftrags Lohn-, Material- oder andere Kosten erh\u00f6hen, behalten wir uns das Recht vor, die Preise entsprechend anzupassen. Jegliche Kosten, die durch versp\u00e4tete Zahlungen entstehen, wie Mahnspesen oder Inkassogeb\u00fchren, gehen zu Lasten des K\u00e4ufers. Im Falle eines Zahlungsverzugs behalten wir uns das Recht vor, vom Vertrag zur\u00fcckzutreten oder Schadenersatz zu fordern.<\/p>\n<h2>Warenr\u00fccknahme<\/h2>\n<p>Eine Verpflichtung zur Warenr\u00fccknahme besteht unsererseits nur im Falle von anerkannten M\u00e4ngeln. Bei einer Warenr\u00fccknahme durch uns wird die Ware entsprechend ihres Zustands gutgeschrieben. Die Feststellung des Zustands erfolgt auf Verlangen des K\u00e4ufers durch einen von uns bestimmten Sachverst\u00e4ndigen. Waren, die aufgrund von Nachl\u00e4ssigkeit des Kunden, Stromausfall oder \u00e4u\u00dferen Einfl\u00fcssen verdorben oder Datumabgelaufen sind, sind grunds\u00e4tzlich vom Umtausch ausgeschlossen. Artikel aus Sonderangeboten werden generell nicht zur\u00fcckgenommen.<\/p>\n<h2>Ma\u00dfgebliches Recht<\/h2>\n<p>Mit der Auftragserteilung erkennt der K\u00e4ufer die Anwendung deutschen Rechts f\u00fcr den erteilten Auftrag und dessen Abwicklung an.<\/p>\n<h2>Teilnichtigkeit<\/h2>\n<p>Die Rechtsfolgen des \u00a7 139 BGB werden sowohl hinsichtlich der Allgemeinen Gesch\u00e4ftsbedingungen als auch etwaiger besonderer Vertragsabsprachen zwischen uns und dem K\u00e4ufer ausgeschlossen.<\/p>\n<h2>Erf\u00fcllungsort und Gerichtsstand<\/h2>\n<p>Es wird ausdr\u00fccklich darauf hingewiesen, dass ausschlie\u00dflich deutsches Recht zur Anwendung kommt. Eine Anwendung des Einheitlichen Gesetzes \u00fcber den internationalen Kauf beweglicher G\u00fcter oder Sachen ist ausgeschlossen.<\/p>\n<h2>Salvatorisches Klausel<\/h2>\n<p>Sollten einzelne Bestimmungen dieser Regelung ganz oder teilweise unwirksam sein oder eine L\u00fccke enthalten, bleibt die Wirksamkeit der \u00fcbrigen Bestimmungen oder Teile solcher Bestimmungen unber\u00fchrt.<\/p>\n<p>Mesto Food Gro\u00dfhandel GbR<br \/>\nGoldenb\u00fchlstr. 21<br \/>\n78048 Villingen-Schwenningen<\/p>\n","protected":false},"excerpt":{"rendered":"<p>Auftragsgrundlage Wir liefern ausschlie\u00dflich an Wiederverk\u00e4ufer, Gewerbetreibende und Gro\u00dfh\u00e4ndler. Grundlage jedes Auftrags, der von uns oder an uns erteilt wird,<\/p>\n","protected":false},"author":1,"featured_media":0,"parent":0,"menu_order":0,"comment_status":"closed","ping_status":"closed","template":"","meta":{"footnotes":""},"class_list":["post-478","page","type-page","status-publish","hentry"],"_links":{"self":[{"href":"https:\/\/mestofood.com\/en\/wp-json\/wp\/v2\/pages\/478","targetHints":{"allow":["GET"]}}],"collection":[{"href":"https:\/\/mestofood.com\/en\/wp-json\/wp\/v2\/pages"}],"about":[{"href":"https:\/\/mestofood.com\/en\/wp-json\/wp\/v2\/types\/page"}],"author":[{"embeddable":true,"href":"https:\/\/mestofood.com\/en\/wp-json\/wp\/v2\/users\/1"}],"replies":[{"embeddable":true,"href":"https:\/\/mestofood.com\/en\/wp-json\/wp\/v2\/comments?post=478"}],"version-history":[{"count":0,"href":"https:\/\/mestofood.com\/en\/wp-json\/wp\/v2\/pages\/478\/revisions"}],"wp:attachment":[{"href":"https:\/\/mestofood.com\/en\/wp-json\/wp\/v2\/media?parent=478"}],"curies":[{"name":"wp","href":"https:\/\/api.w.org\/{rel}","templated":true}]}}